{"id":858,"date":"2017-11-17T09:00:18","date_gmt":"2017-11-17T08:00:18","guid":{"rendered":"https:\/\/wimaxrng.es\/old\/?page_id=858"},"modified":"2022-01-19T20:24:48","modified_gmt":"2022-01-19T19:24:48","slug":"consultoria-tecnologica","status":"publish","type":"page","link":"https:\/\/wimaxrng.es\/old\/soluciones\/consultoria-tecnologica\/","title":{"rendered":"Consultor\u00eda tecnol\u00f3gica Gratuita"},"content":{"rendered":"<p style=\"text-align: center;\">La <strong>innovaci\u00f3n<\/strong> empresarial y tecnol\u00f3gica est\u00e1n estrechamente vinculadas y la demanda de servicios de transformaci\u00f3n empresarial a trav\u00e9s de la tecnolog\u00eda crece r\u00e1pidamente.<\/p>\n<p style=\"text-align: center;\">En Wimax RNG <strong>ayudamos a los clientes<\/strong> a resolver sus retos m\u00e1s importantes en el campo de las TICs y telecomunicaciones.<\/p>\n","protected":false},"excerpt":{"rendered":"<p>La innovaci\u00f3n empresarial y tecnol\u00f3gica est\u00e1n estrechamente vinculadas y la demanda de servicios de transformaci\u00f3n empresarial a trav\u00e9s de la tecnolog\u00eda crece r\u00e1pidamente. En Wimax RNG ayudamos a los clientes a resolver sus retos m\u00e1s importantes en el campo de las TICs y telecomunicaciones.<\/p>\n","protected":false},"author":1,"featured_media":1012,"parent":742,"menu_order":8,"comment_status":"closed","ping_status":"closed","template":"template-flexible.php","meta":[],"acf":[],"yoast_head":"<!-- This site is optimized with the Yoast SEO plugin v20.0 - https:\/\/yoast.com\/wordpress\/plugins\/seo\/ -->\n<title>Consultor\u00eda tecnol\u00f3gica Gratuita<\/title>\n<meta name=\"description\" content=\"La innovaci\u00f3n empresarial y tecnol\u00f3gica est\u00e1n estrechamente vinculadas y la demanda de servicios de transformaci\u00f3n empresarial a trav\u00e9s de la tecnolog\u00eda crece r\u00e1pidamente.\" \/>\n<meta name=\"robots\" content=\"index, follow, max-snippet:-1, max-image-preview:large, max-video-preview:-1\" \/>\n<link rel=\"canonical\" href=\"https:\/\/wimaxrng.es\/old\/soluciones\/consultoria-tecnologica\/\" \/>\n<meta property=\"og:locale\" content=\"es_ES\" \/>\n<meta property=\"og:type\" content=\"article\" \/>\n<meta property=\"og:title\" content=\"Consultor\u00eda tecnol\u00f3gica Gratuita\" \/>\n<meta property=\"og:description\" content=\"La innovaci\u00f3n empresarial y tecnol\u00f3gica est\u00e1n estrechamente vinculadas y la demanda de servicios de transformaci\u00f3n empresarial a trav\u00e9s de la tecnolog\u00eda crece r\u00e1pidamente.\" \/>\n<meta property=\"og:url\" content=\"https:\/\/wimaxrng.es\/old\/soluciones\/consultoria-tecnologica\/\" \/>\n<meta property=\"og:site_name\" content=\"Wimax rng\" \/>\n<meta property=\"article:modified_time\" content=\"2022-01-19T19:24:48+00:00\" \/>\n<meta property=\"og:image\" content=\"https:\/\/wimaxrng.es\/old\/wp-content\/uploads\/2017\/11\/consultoria-1.jpg\" \/>\n\t<meta property=\"og:image:width\" content=\"600\" \/>\n\t<meta property=\"og:image:height\" content=\"316\" \/>\n\t<meta property=\"og:image:type\" content=\"image\/jpeg\" \/>\n<meta name=\"twitter:card\" content=\"summary_large_image\" \/>\n<meta name=\"twitter:label1\" content=\"Tiempo de lectura\" \/>\n\t<meta name=\"twitter:data1\" content=\"1 minuto\" \/>\n<script type=\"application\/ld+json\" class=\"yoast-schema-graph\">{\"@context\":\"https:\/\/schema.org\",\"@graph\":[{\"@type\":\"WebPage\",\"@id\":\"https:\/\/wimaxrng.es\/old\/soluciones\/consultoria-tecnologica\/\",\"url\":\"https:\/\/wimaxrng.es\/old\/soluciones\/consultoria-tecnologica\/\",\"name\":\"Consultor\u00eda tecnol\u00f3gica Gratuita\",\"isPartOf\":{\"@id\":\"https:\/\/wimaxrng.es\/old\/#website\"},\"datePublished\":\"2017-11-17T08:00:18+00:00\",\"dateModified\":\"2022-01-19T19:24:48+00:00\",\"description\":\"La innovaci\u00f3n empresarial y tecnol\u00f3gica est\u00e1n estrechamente vinculadas y la demanda de servicios de transformaci\u00f3n empresarial a trav\u00e9s de la tecnolog\u00eda crece r\u00e1pidamente.\",\"breadcrumb\":{\"@id\":\"https:\/\/wimaxrng.es\/old\/soluciones\/consultoria-tecnologica\/#breadcrumb\"},\"inLanguage\":\"es\",\"potentialAction\":[{\"@type\":\"ReadAction\",\"target\":[\"https:\/\/wimaxrng.es\/old\/soluciones\/consultoria-tecnologica\/\"]}]},{\"@type\":\"BreadcrumbList\",\"@id\":\"https:\/\/wimaxrng.es\/old\/soluciones\/consultoria-tecnologica\/#breadcrumb\",\"itemListElement\":[{\"@type\":\"ListItem\",\"position\":1,\"name\":\"Portada\",\"item\":\"https:\/\/wimaxrng.es\/old\/\"},{\"@type\":\"ListItem\",\"position\":2,\"name\":\"Soluciones\",\"item\":\"https:\/\/wimaxrng.es\/old\/soluciones\/\"},{\"@type\":\"ListItem\",\"position\":3,\"name\":\"Consultor\u00eda tecnol\u00f3gica Gratuita\"}]},{\"@type\":\"WebSite\",\"@id\":\"https:\/\/wimaxrng.es\/old\/#website\",\"url\":\"https:\/\/wimaxrng.es\/old\/\",\"name\":\"Wimax rng\",\"description\":\"Somos una empresa de esp\u00edritu innovador con una amplia experiencia en el sector de las telecomunicaciones que contamos con un capital humano cercano y de s\u00f3lida formaci\u00f3n para hacer realidad tus proyectos.\",\"potentialAction\":[{\"@type\":\"SearchAction\",\"target\":{\"@type\":\"EntryPoint\",\"urlTemplate\":\"https:\/\/wimaxrng.es\/old\/?s={search_term_string}\"},\"query-input\":\"required name=search_term_string\"}],\"inLanguage\":\"es\"}]}<\/script>\n<!-- \/ Yoast SEO plugin. -->","yoast_head_json":{"title":"Consultor\u00eda tecnol\u00f3gica Gratuita","description":"La innovaci\u00f3n empresarial y tecnol\u00f3gica est\u00e1n estrechamente vinculadas y la demanda de servicios de transformaci\u00f3n empresarial a trav\u00e9s de la tecnolog\u00eda crece r\u00e1pidamente.","robots":{"index":"index","follow":"follow","max-snippet":"max-snippet:-1","max-image-preview":"max-image-preview:large","max-video-preview":"max-video-preview:-1"},"canonical":"https:\/\/wimaxrng.es\/old\/soluciones\/consultoria-tecnologica\/","og_locale":"es_ES","og_type":"article","og_title":"Consultor\u00eda tecnol\u00f3gica Gratuita","og_description":"La innovaci\u00f3n empresarial y tecnol\u00f3gica est\u00e1n estrechamente vinculadas y la demanda de servicios de transformaci\u00f3n empresarial a trav\u00e9s de la tecnolog\u00eda crece r\u00e1pidamente.","og_url":"https:\/\/wimaxrng.es\/old\/soluciones\/consultoria-tecnologica\/","og_site_name":"Wimax rng","article_modified_time":"2022-01-19T19:24:48+00:00","og_image":[{"width":600,"height":316,"url":"https:\/\/wimaxrng.es\/old\/wp-content\/uploads\/2017\/11\/consultoria-1.jpg","type":"image\/jpeg"}],"twitter_card":"summary_large_image","twitter_misc":{"Tiempo de lectura":"1 minuto"},"schema":{"@context":"https:\/\/schema.org","@graph":[{"@type":"WebPage","@id":"https:\/\/wimaxrng.es\/old\/soluciones\/consultoria-tecnologica\/","url":"https:\/\/wimaxrng.es\/old\/soluciones\/consultoria-tecnologica\/","name":"Consultor\u00eda tecnol\u00f3gica Gratuita","isPartOf":{"@id":"https:\/\/wimaxrng.es\/old\/#website"},"datePublished":"2017-11-17T08:00:18+00:00","dateModified":"2022-01-19T19:24:48+00:00","description":"La innovaci\u00f3n empresarial y tecnol\u00f3gica est\u00e1n estrechamente vinculadas y la demanda de servicios de transformaci\u00f3n empresarial a trav\u00e9s de la tecnolog\u00eda crece r\u00e1pidamente.","breadcrumb":{"@id":"https:\/\/wimaxrng.es\/old\/soluciones\/consultoria-tecnologica\/#breadcrumb"},"inLanguage":"es","potentialAction":[{"@type":"ReadAction","target":["https:\/\/wimaxrng.es\/old\/soluciones\/consultoria-tecnologica\/"]}]},{"@type":"BreadcrumbList","@id":"https:\/\/wimaxrng.es\/old\/soluciones\/consultoria-tecnologica\/#breadcrumb","itemListElement":[{"@type":"ListItem","position":1,"name":"Portada","item":"https:\/\/wimaxrng.es\/old\/"},{"@type":"ListItem","position":2,"name":"Soluciones","item":"https:\/\/wimaxrng.es\/old\/soluciones\/"},{"@type":"ListItem","position":3,"name":"Consultor\u00eda tecnol\u00f3gica Gratuita"}]},{"@type":"WebSite","@id":"https:\/\/wimaxrng.es\/old\/#website","url":"https:\/\/wimaxrng.es\/old\/","name":"Wimax rng","description":"Somos una empresa de esp\u00edritu innovador con una amplia experiencia en el sector de las telecomunicaciones que contamos con un capital humano cercano y de s\u00f3lida formaci\u00f3n para hacer realidad tus proyectos.","potentialAction":[{"@type":"SearchAction","target":{"@type":"EntryPoint","urlTemplate":"https:\/\/wimaxrng.es\/old\/?s={search_term_string}"},"query-input":"required name=search_term_string"}],"inLanguage":"es"}]}},"_links":{"self":[{"href":"https:\/\/wimaxrng.es\/old\/wp-json\/wp\/v2\/pages\/858"}],"collection":[{"href":"https:\/\/wimaxrng.es\/old\/wp-json\/wp\/v2\/pages"}],"about":[{"href":"https:\/\/wimaxrng.es\/old\/wp-json\/wp\/v2\/types\/page"}],"author":[{"embeddable":true,"href":"https:\/\/wimaxrng.es\/old\/wp-json\/wp\/v2\/users\/1"}],"replies":[{"embeddable":true,"href":"https:\/\/wimaxrng.es\/old\/wp-json\/wp\/v2\/comments?post=858"}],"version-history":[{"count":34,"href":"https:\/\/wimaxrng.es\/old\/wp-json\/wp\/v2\/pages\/858\/revisions"}],"predecessor-version":[{"id":1520,"href":"https:\/\/wimaxrng.es\/old\/wp-json\/wp\/v2\/pages\/858\/revisions\/1520"}],"up":[{"embeddable":true,"href":"https:\/\/wimaxrng.es\/old\/wp-json\/wp\/v2\/pages\/742"}],"wp:featuredmedia":[{"embeddable":true,"href":"https:\/\/wimaxrng.es\/old\/wp-json\/wp\/v2\/media\/1012"}],"wp:attachment":[{"href":"https:\/\/wimaxrng.es\/old\/wp-json\/wp\/v2\/media?parent=858"}],"curies":[{"name":"wp","href":"https:\/\/api.w.org\/{rel}","templated":true}]}}