{"id":1686,"date":"2025-01-15T12:53:35","date_gmt":"2025-01-15T11:53:35","guid":{"rendered":"https:\/\/wimaxrng.es\/old\/?page_id=1686"},"modified":"2025-01-15T13:40:27","modified_gmt":"2025-01-15T12:40:27","slug":"kit-digital","status":"publish","type":"page","link":"https:\/\/wimaxrng.es\/old\/soluciones\/kit-digital\/","title":{"rendered":"Kit Digital &#8211; Soluciones de Wimax RNG"},"content":{"rendered":"<div class=\"et_pb_module et_pb_text et_pb_text_5 et_pb_text_align_left et_pb_bg_layout_dark et_had_animation\">\n<div class=\"et_pb_text_inner\">\n<h2><img loading=\"lazy\" class=\"wp-image-1590 aligncenter\" src=\"https:\/\/wimaxrng.es\/old\/wp-content\/uploads\/2022\/03\/banner_kit-750x100.png\" alt=\"\" width=\"885\" height=\"118\" srcset=\"https:\/\/wimaxrng.es\/old\/wp-content\/uploads\/2022\/03\/banner_kit-750x100.png 750w, https:\/\/wimaxrng.es\/old\/wp-content\/uploads\/2022\/03\/banner_kit-250x33.png 250w, https:\/\/wimaxrng.es\/old\/wp-content\/uploads\/2022\/03\/banner_kit-768x102.png 768w, https:\/\/wimaxrng.es\/old\/wp-content\/uploads\/2022\/03\/banner_kit-1536x205.png 1536w, https:\/\/wimaxrng.es\/old\/wp-content\/uploads\/2022\/03\/banner_kit-1170x156.png 1170w, https:\/\/wimaxrng.es\/old\/wp-content\/uploads\/2022\/03\/banner_kit-970x129.png 970w, https:\/\/wimaxrng.es\/old\/wp-content\/uploads\/2022\/03\/banner_kit-500x67.png 500w, https:\/\/wimaxrng.es\/old\/wp-content\/uploads\/2022\/03\/banner_kit-395x53.png 395w, https:\/\/wimaxrng.es\/old\/wp-content\/uploads\/2022\/03\/banner_kit-290x39.png 290w, https:\/\/wimaxrng.es\/old\/wp-content\/uploads\/2022\/03\/banner_kit-120x16.png 120w, https:\/\/wimaxrng.es\/old\/wp-content\/uploads\/2022\/03\/banner_kit.png 1627w\" sizes=\"(max-width: 885px) 100vw, 885px\" \/><\/h2>\n<\/div>\n<\/div>\n<div class=\"et_pb_module et_pb_text et_pb_text_6 et_pb_text_align_left et_pb_bg_layout_light et_had_animation\" style=\"text-align: center;\">\n<div class=\"et_pb_text_inner\">\n<h4><\/h4>\n<h4>Consigue ayudas para proyectos de digitalizaci\u00f3n en tu empresa<\/h4>\n<\/div>\n<\/div>\n<div class=\"et_pb_module et_pb_text et_pb_text_7  et_pb_text_align_left et_pb_bg_layout_dark\">\n<div class=\"et_pb_text_inner\">\n<p style=\"text-align: left;\">El programa Kit Digital est\u00e1 dirigido a <strong>empresas de hasta 250 empleados<\/strong>, que podr\u00e1n optar a un bono de digitalizaci\u00f3n para <strong>financiar soluciones tecnol\u00f3gicas<\/strong> disponibles en el mercado.<\/p>\n<p style=\"text-align: left;\">Wimax RNG te ofrece una serie de soluciones de digitalizaci\u00f3n dentro de esta convocatoria de subvenciones.<\/p>\n<p>Si cumples con las condiciones establecidas en las bases de la convocatoria de la ayuda del Kit Digital, podr\u00e1s disponer de un bono digital que te permitir\u00e1 acceder a las soluciones de digitalizaci\u00f3n.<\/p>\n<\/div>\n<\/div>\n","protected":false},"excerpt":{"rendered":"<p>Consigue ayudas para proyectos de digitalizaci\u00f3n en tu empresa El programa Kit Digital est\u00e1 dirigido a empresas de hasta 250 empleados, que podr\u00e1n optar a un bono de digitalizaci\u00f3n para financiar soluciones tecnol\u00f3gicas disponibles en el mercado. Wimax RNG te ofrece una serie de soluciones de digitalizaci\u00f3n dentro de esta convocatoria de subvenciones. Si cumples&#8230; <a class=\"view-article\" href=\"https:\/\/wimaxrng.es\/old\/soluciones\/kit-digital\/\">View Article<\/a><\/p>\n","protected":false},"author":3,"featured_media":1030,"parent":742,"menu_order":1,"comment_status":"closed","ping_status":"closed","template":"template-flexible.php","meta":[],"acf":[],"yoast_head":"<!-- This site is optimized with the Yoast SEO plugin v20.0 - https:\/\/yoast.com\/wordpress\/plugins\/seo\/ -->\n<title>Kit Digital WimaxRNG<\/title>\n<meta name=\"description\" content=\"La informaci\u00f3n que manejamos en la empresa vale dinero. Nuestros datos son cr\u00edticos y es fundamental protegerlos ante un uso no autorizado mal intencionado.\" \/>\n<meta name=\"robots\" content=\"index, follow, max-snippet:-1, max-image-preview:large, max-video-preview:-1\" \/>\n<link rel=\"canonical\" href=\"https:\/\/wimaxrng.es\/old\/soluciones\/kit-digital\/\" \/>\n<meta property=\"og:locale\" content=\"es_ES\" \/>\n<meta property=\"og:type\" content=\"article\" \/>\n<meta property=\"og:title\" content=\"Kit Digital WimaxRNG\" \/>\n<meta property=\"og:description\" content=\"La informaci\u00f3n que manejamos en la empresa vale dinero. Nuestros datos son cr\u00edticos y es fundamental protegerlos ante un uso no autorizado mal intencionado.\" \/>\n<meta property=\"og:url\" content=\"https:\/\/wimaxrng.es\/old\/soluciones\/kit-digital\/\" \/>\n<meta property=\"og:site_name\" content=\"Wimax rng\" \/>\n<meta property=\"article:modified_time\" content=\"2025-01-15T12:40:27+00:00\" \/>\n<meta property=\"og:image\" content=\"https:\/\/wimaxrng.es\/old\/wp-content\/uploads\/2017\/11\/firewall2.jpg\" \/>\n\t<meta property=\"og:image:width\" content=\"600\" \/>\n\t<meta property=\"og:image:height\" content=\"394\" \/>\n\t<meta property=\"og:image:type\" content=\"image\/jpeg\" \/>\n<meta name=\"twitter:card\" content=\"summary_large_image\" \/>\n<meta name=\"twitter:label1\" content=\"Tiempo de lectura\" \/>\n\t<meta name=\"twitter:data1\" content=\"1 minuto\" \/>\n<script type=\"application\/ld+json\" class=\"yoast-schema-graph\">{\"@context\":\"https:\/\/schema.org\",\"@graph\":[{\"@type\":\"WebPage\",\"@id\":\"https:\/\/wimaxrng.es\/old\/soluciones\/kit-digital\/\",\"url\":\"https:\/\/wimaxrng.es\/old\/soluciones\/kit-digital\/\",\"name\":\"Kit Digital WimaxRNG\",\"isPartOf\":{\"@id\":\"https:\/\/wimaxrng.es\/old\/#website\"},\"datePublished\":\"2025-01-15T11:53:35+00:00\",\"dateModified\":\"2025-01-15T12:40:27+00:00\",\"description\":\"La informaci\u00f3n que manejamos en la empresa vale dinero. Nuestros datos son cr\u00edticos y es fundamental protegerlos ante un uso no autorizado mal intencionado.\",\"breadcrumb\":{\"@id\":\"https:\/\/wimaxrng.es\/old\/soluciones\/kit-digital\/#breadcrumb\"},\"inLanguage\":\"es\",\"potentialAction\":[{\"@type\":\"ReadAction\",\"target\":[\"https:\/\/wimaxrng.es\/old\/soluciones\/kit-digital\/\"]}]},{\"@type\":\"BreadcrumbList\",\"@id\":\"https:\/\/wimaxrng.es\/old\/soluciones\/kit-digital\/#breadcrumb\",\"itemListElement\":[{\"@type\":\"ListItem\",\"position\":1,\"name\":\"Portada\",\"item\":\"https:\/\/wimaxrng.es\/old\/\"},{\"@type\":\"ListItem\",\"position\":2,\"name\":\"Soluciones\",\"item\":\"https:\/\/wimaxrng.es\/old\/soluciones\/\"},{\"@type\":\"ListItem\",\"position\":3,\"name\":\"Kit Digital &#8211; Soluciones de Wimax RNG\"}]},{\"@type\":\"WebSite\",\"@id\":\"https:\/\/wimaxrng.es\/old\/#website\",\"url\":\"https:\/\/wimaxrng.es\/old\/\",\"name\":\"Wimax rng\",\"description\":\"Somos una empresa de esp\u00edritu innovador con una amplia experiencia en el sector de las telecomunicaciones que contamos con un capital humano cercano y de s\u00f3lida formaci\u00f3n para hacer realidad tus proyectos.\",\"potentialAction\":[{\"@type\":\"SearchAction\",\"target\":{\"@type\":\"EntryPoint\",\"urlTemplate\":\"https:\/\/wimaxrng.es\/old\/?s={search_term_string}\"},\"query-input\":\"required name=search_term_string\"}],\"inLanguage\":\"es\"}]}<\/script>\n<!-- \/ Yoast SEO plugin. -->","yoast_head_json":{"title":"Kit Digital WimaxRNG","description":"La informaci\u00f3n que manejamos en la empresa vale dinero. Nuestros datos son cr\u00edticos y es fundamental protegerlos ante un uso no autorizado mal intencionado.","robots":{"index":"index","follow":"follow","max-snippet":"max-snippet:-1","max-image-preview":"max-image-preview:large","max-video-preview":"max-video-preview:-1"},"canonical":"https:\/\/wimaxrng.es\/old\/soluciones\/kit-digital\/","og_locale":"es_ES","og_type":"article","og_title":"Kit Digital WimaxRNG","og_description":"La informaci\u00f3n que manejamos en la empresa vale dinero. Nuestros datos son cr\u00edticos y es fundamental protegerlos ante un uso no autorizado mal intencionado.","og_url":"https:\/\/wimaxrng.es\/old\/soluciones\/kit-digital\/","og_site_name":"Wimax rng","article_modified_time":"2025-01-15T12:40:27+00:00","og_image":[{"width":600,"height":394,"url":"https:\/\/wimaxrng.es\/old\/wp-content\/uploads\/2017\/11\/firewall2.jpg","type":"image\/jpeg"}],"twitter_card":"summary_large_image","twitter_misc":{"Tiempo de lectura":"1 minuto"},"schema":{"@context":"https:\/\/schema.org","@graph":[{"@type":"WebPage","@id":"https:\/\/wimaxrng.es\/old\/soluciones\/kit-digital\/","url":"https:\/\/wimaxrng.es\/old\/soluciones\/kit-digital\/","name":"Kit Digital WimaxRNG","isPartOf":{"@id":"https:\/\/wimaxrng.es\/old\/#website"},"datePublished":"2025-01-15T11:53:35+00:00","dateModified":"2025-01-15T12:40:27+00:00","description":"La informaci\u00f3n que manejamos en la empresa vale dinero. Nuestros datos son cr\u00edticos y es fundamental protegerlos ante un uso no autorizado mal intencionado.","breadcrumb":{"@id":"https:\/\/wimaxrng.es\/old\/soluciones\/kit-digital\/#breadcrumb"},"inLanguage":"es","potentialAction":[{"@type":"ReadAction","target":["https:\/\/wimaxrng.es\/old\/soluciones\/kit-digital\/"]}]},{"@type":"BreadcrumbList","@id":"https:\/\/wimaxrng.es\/old\/soluciones\/kit-digital\/#breadcrumb","itemListElement":[{"@type":"ListItem","position":1,"name":"Portada","item":"https:\/\/wimaxrng.es\/old\/"},{"@type":"ListItem","position":2,"name":"Soluciones","item":"https:\/\/wimaxrng.es\/old\/soluciones\/"},{"@type":"ListItem","position":3,"name":"Kit Digital &#8211; Soluciones de Wimax RNG"}]},{"@type":"WebSite","@id":"https:\/\/wimaxrng.es\/old\/#website","url":"https:\/\/wimaxrng.es\/old\/","name":"Wimax rng","description":"Somos una empresa de esp\u00edritu innovador con una amplia experiencia en el sector de las telecomunicaciones que contamos con un capital humano cercano y de s\u00f3lida formaci\u00f3n para hacer realidad tus proyectos.","potentialAction":[{"@type":"SearchAction","target":{"@type":"EntryPoint","urlTemplate":"https:\/\/wimaxrng.es\/old\/?s={search_term_string}"},"query-input":"required name=search_term_string"}],"inLanguage":"es"}]}},"_links":{"self":[{"href":"https:\/\/wimaxrng.es\/old\/wp-json\/wp\/v2\/pages\/1686"}],"collection":[{"href":"https:\/\/wimaxrng.es\/old\/wp-json\/wp\/v2\/pages"}],"about":[{"href":"https:\/\/wimaxrng.es\/old\/wp-json\/wp\/v2\/types\/page"}],"author":[{"embeddable":true,"href":"https:\/\/wimaxrng.es\/old\/wp-json\/wp\/v2\/users\/3"}],"replies":[{"embeddable":true,"href":"https:\/\/wimaxrng.es\/old\/wp-json\/wp\/v2\/comments?post=1686"}],"version-history":[{"count":9,"href":"https:\/\/wimaxrng.es\/old\/wp-json\/wp\/v2\/pages\/1686\/revisions"}],"predecessor-version":[{"id":1732,"href":"https:\/\/wimaxrng.es\/old\/wp-json\/wp\/v2\/pages\/1686\/revisions\/1732"}],"up":[{"embeddable":true,"href":"https:\/\/wimaxrng.es\/old\/wp-json\/wp\/v2\/pages\/742"}],"wp:featuredmedia":[{"embeddable":true,"href":"https:\/\/wimaxrng.es\/old\/wp-json\/wp\/v2\/media\/1030"}],"wp:attachment":[{"href":"https:\/\/wimaxrng.es\/old\/wp-json\/wp\/v2\/media?parent=1686"}],"curies":[{"name":"wp","href":"https:\/\/api.w.org\/{rel}","templated":true}]}}