{"id":1311,"date":"2016-12-03T16:58:54","date_gmt":"2016-12-03T15:58:54","guid":{"rendered":"https:\/\/wimaxrng.es\/old\/?page_id=1311"},"modified":"2022-01-19T20:27:01","modified_gmt":"2022-01-19T19:27:01","slug":"sistema-de-facturacion","status":"publish","type":"page","link":"https:\/\/wimaxrng.es\/old\/soluciones\/sistema-de-facturacion\/","title":{"rendered":"Gestor de red para operadores: Splynx"},"content":{"rendered":"<p style=\"text-align: center;\"><strong>DESDE UNA CONSOLA GESTIONA TU RED Y SISTEMA DE FACTURACI\u00d3N<\/strong><\/p>\n<p style=\"text-align: center;\">Imagina un sistema que te permita monitorizar todos los dispositivos que tienes en tu red desde puedes acceder a ellos, gestionar tus rangos de IPs y adem\u00e1s integre tu sistema de facturaci\u00f3n y contabilidad. Adem\u00e1s puedes personalizar sus m\u00f3dulos y integrarlo con cualquier soluci\u00f3n software que ya dispongas.<\/p>\n","protected":false},"excerpt":{"rendered":"<p>DESDE UNA CONSOLA GESTIONA TU RED Y SISTEMA DE FACTURACI\u00d3N Imagina un sistema que te permita monitorizar todos los dispositivos que tienes en tu red desde puedes acceder a ellos, gestionar tus rangos de IPs y adem\u00e1s integre tu sistema de facturaci\u00f3n y contabilidad. Adem\u00e1s puedes personalizar sus m\u00f3dulos y integrarlo con cualquier soluci\u00f3n software&#8230; <a class=\"view-article\" href=\"https:\/\/wimaxrng.es\/old\/soluciones\/sistema-de-facturacion\/\">View Article<\/a><\/p>\n","protected":false},"author":3,"featured_media":1324,"parent":742,"menu_order":10,"comment_status":"closed","ping_status":"closed","template":"template-flexible.php","meta":[],"acf":[],"yoast_head":"<!-- This site is optimized with the Yoast SEO plugin v20.0 - https:\/\/yoast.com\/wordpress\/plugins\/seo\/ -->\n<title>Splynx: Gestor de red de operadores de telecomunicaciones<\/title>\n<meta name=\"description\" content=\"Imagina un sistema que permita monitorizar los dispositivos que tienes en tu red e integre sistemas de facturaci\u00f3n y contabilidad\" \/>\n<meta name=\"robots\" content=\"index, follow, max-snippet:-1, max-image-preview:large, max-video-preview:-1\" \/>\n<link rel=\"canonical\" href=\"https:\/\/wimaxrng.es\/old\/soluciones\/sistema-de-facturacion\/\" \/>\n<meta property=\"og:locale\" content=\"es_ES\" \/>\n<meta property=\"og:type\" content=\"article\" \/>\n<meta property=\"og:title\" content=\"Splynx: Gestor de red de operadores de telecomunicaciones\" \/>\n<meta property=\"og:description\" content=\"Imagina un sistema que permita monitorizar los dispositivos que tienes en tu red e integre sistemas de facturaci\u00f3n y contabilidad\" \/>\n<meta property=\"og:url\" content=\"https:\/\/wimaxrng.es\/old\/soluciones\/sistema-de-facturacion\/\" \/>\n<meta property=\"og:site_name\" content=\"Wimax rng\" \/>\n<meta property=\"article:modified_time\" content=\"2022-01-19T19:27:01+00:00\" \/>\n<meta property=\"og:image\" content=\"https:\/\/wimaxrng.es\/old\/wp-content\/uploads\/2018\/12\/PPPoE-Radius.png\" \/>\n\t<meta property=\"og:image:width\" content=\"1366\" \/>\n\t<meta property=\"og:image:height\" content=\"768\" \/>\n\t<meta property=\"og:image:type\" content=\"image\/png\" \/>\n<meta name=\"twitter:card\" content=\"summary_large_image\" \/>\n<meta name=\"twitter:label1\" content=\"Tiempo de lectura\" \/>\n\t<meta name=\"twitter:data1\" content=\"1 minuto\" \/>\n<script type=\"application\/ld+json\" class=\"yoast-schema-graph\">{\"@context\":\"https:\/\/schema.org\",\"@graph\":[{\"@type\":\"WebPage\",\"@id\":\"https:\/\/wimaxrng.es\/old\/soluciones\/sistema-de-facturacion\/\",\"url\":\"https:\/\/wimaxrng.es\/old\/soluciones\/sistema-de-facturacion\/\",\"name\":\"Splynx: Gestor de red de operadores de telecomunicaciones\",\"isPartOf\":{\"@id\":\"https:\/\/wimaxrng.es\/old\/#website\"},\"datePublished\":\"2016-12-03T15:58:54+00:00\",\"dateModified\":\"2022-01-19T19:27:01+00:00\",\"description\":\"Imagina un sistema que permita monitorizar los dispositivos que tienes en tu red e integre sistemas de facturaci\u00f3n y contabilidad\",\"breadcrumb\":{\"@id\":\"https:\/\/wimaxrng.es\/old\/soluciones\/sistema-de-facturacion\/#breadcrumb\"},\"inLanguage\":\"es\",\"potentialAction\":[{\"@type\":\"ReadAction\",\"target\":[\"https:\/\/wimaxrng.es\/old\/soluciones\/sistema-de-facturacion\/\"]}]},{\"@type\":\"BreadcrumbList\",\"@id\":\"https:\/\/wimaxrng.es\/old\/soluciones\/sistema-de-facturacion\/#breadcrumb\",\"itemListElement\":[{\"@type\":\"ListItem\",\"position\":1,\"name\":\"Portada\",\"item\":\"https:\/\/wimaxrng.es\/old\/\"},{\"@type\":\"ListItem\",\"position\":2,\"name\":\"Soluciones\",\"item\":\"https:\/\/wimaxrng.es\/old\/soluciones\/\"},{\"@type\":\"ListItem\",\"position\":3,\"name\":\"Gestor de red para operadores: Splynx\"}]},{\"@type\":\"WebSite\",\"@id\":\"https:\/\/wimaxrng.es\/old\/#website\",\"url\":\"https:\/\/wimaxrng.es\/old\/\",\"name\":\"Wimax rng\",\"description\":\"Somos una empresa de esp\u00edritu innovador con una amplia experiencia en el sector de las telecomunicaciones que contamos con un capital humano cercano y de s\u00f3lida formaci\u00f3n para hacer realidad tus proyectos.\",\"potentialAction\":[{\"@type\":\"SearchAction\",\"target\":{\"@type\":\"EntryPoint\",\"urlTemplate\":\"https:\/\/wimaxrng.es\/old\/?s={search_term_string}\"},\"query-input\":\"required name=search_term_string\"}],\"inLanguage\":\"es\"}]}<\/script>\n<!-- \/ Yoast SEO plugin. -->","yoast_head_json":{"title":"Splynx: Gestor de red de operadores de telecomunicaciones","description":"Imagina un sistema que permita monitorizar los dispositivos que tienes en tu red e integre sistemas de facturaci\u00f3n y contabilidad","robots":{"index":"index","follow":"follow","max-snippet":"max-snippet:-1","max-image-preview":"max-image-preview:large","max-video-preview":"max-video-preview:-1"},"canonical":"https:\/\/wimaxrng.es\/old\/soluciones\/sistema-de-facturacion\/","og_locale":"es_ES","og_type":"article","og_title":"Splynx: Gestor de red de operadores de telecomunicaciones","og_description":"Imagina un sistema que permita monitorizar los dispositivos que tienes en tu red e integre sistemas de facturaci\u00f3n y contabilidad","og_url":"https:\/\/wimaxrng.es\/old\/soluciones\/sistema-de-facturacion\/","og_site_name":"Wimax rng","article_modified_time":"2022-01-19T19:27:01+00:00","og_image":[{"width":1366,"height":768,"url":"https:\/\/wimaxrng.es\/old\/wp-content\/uploads\/2018\/12\/PPPoE-Radius.png","type":"image\/png"}],"twitter_card":"summary_large_image","twitter_misc":{"Tiempo de lectura":"1 minuto"},"schema":{"@context":"https:\/\/schema.org","@graph":[{"@type":"WebPage","@id":"https:\/\/wimaxrng.es\/old\/soluciones\/sistema-de-facturacion\/","url":"https:\/\/wimaxrng.es\/old\/soluciones\/sistema-de-facturacion\/","name":"Splynx: Gestor de red de operadores de telecomunicaciones","isPartOf":{"@id":"https:\/\/wimaxrng.es\/old\/#website"},"datePublished":"2016-12-03T15:58:54+00:00","dateModified":"2022-01-19T19:27:01+00:00","description":"Imagina un sistema que permita monitorizar los dispositivos que tienes en tu red e integre sistemas de facturaci\u00f3n y contabilidad","breadcrumb":{"@id":"https:\/\/wimaxrng.es\/old\/soluciones\/sistema-de-facturacion\/#breadcrumb"},"inLanguage":"es","potentialAction":[{"@type":"ReadAction","target":["https:\/\/wimaxrng.es\/old\/soluciones\/sistema-de-facturacion\/"]}]},{"@type":"BreadcrumbList","@id":"https:\/\/wimaxrng.es\/old\/soluciones\/sistema-de-facturacion\/#breadcrumb","itemListElement":[{"@type":"ListItem","position":1,"name":"Portada","item":"https:\/\/wimaxrng.es\/old\/"},{"@type":"ListItem","position":2,"name":"Soluciones","item":"https:\/\/wimaxrng.es\/old\/soluciones\/"},{"@type":"ListItem","position":3,"name":"Gestor de red para operadores: Splynx"}]},{"@type":"WebSite","@id":"https:\/\/wimaxrng.es\/old\/#website","url":"https:\/\/wimaxrng.es\/old\/","name":"Wimax rng","description":"Somos una empresa de esp\u00edritu innovador con una amplia experiencia en el sector de las telecomunicaciones que contamos con un capital humano cercano y de s\u00f3lida formaci\u00f3n para hacer realidad tus proyectos.","potentialAction":[{"@type":"SearchAction","target":{"@type":"EntryPoint","urlTemplate":"https:\/\/wimaxrng.es\/old\/?s={search_term_string}"},"query-input":"required name=search_term_string"}],"inLanguage":"es"}]}},"_links":{"self":[{"href":"https:\/\/wimaxrng.es\/old\/wp-json\/wp\/v2\/pages\/1311"}],"collection":[{"href":"https:\/\/wimaxrng.es\/old\/wp-json\/wp\/v2\/pages"}],"about":[{"href":"https:\/\/wimaxrng.es\/old\/wp-json\/wp\/v2\/types\/page"}],"author":[{"embeddable":true,"href":"https:\/\/wimaxrng.es\/old\/wp-json\/wp\/v2\/users\/3"}],"replies":[{"embeddable":true,"href":"https:\/\/wimaxrng.es\/old\/wp-json\/wp\/v2\/comments?post=1311"}],"version-history":[{"count":7,"href":"https:\/\/wimaxrng.es\/old\/wp-json\/wp\/v2\/pages\/1311\/revisions"}],"predecessor-version":[{"id":1601,"href":"https:\/\/wimaxrng.es\/old\/wp-json\/wp\/v2\/pages\/1311\/revisions\/1601"}],"up":[{"embeddable":true,"href":"https:\/\/wimaxrng.es\/old\/wp-json\/wp\/v2\/pages\/742"}],"wp:featuredmedia":[{"embeddable":true,"href":"https:\/\/wimaxrng.es\/old\/wp-json\/wp\/v2\/media\/1324"}],"wp:attachment":[{"href":"https:\/\/wimaxrng.es\/old\/wp-json\/wp\/v2\/media?parent=1311"}],"curies":[{"name":"wp","href":"https:\/\/api.w.org\/{rel}","templated":true}]}}