{"id":1218,"date":"2017-11-01T14:49:59","date_gmt":"2017-11-01T13:49:59","guid":{"rendered":"https:\/\/wimaxrng.es\/old\/?page_id=1218"},"modified":"2022-01-19T20:36:17","modified_gmt":"2022-01-19T19:36:17","slug":"interconexion-centros-vpn","status":"publish","type":"page","link":"https:\/\/wimaxrng.es\/old\/conectividad\/interconexion-centros-vpn\/","title":{"rendered":"Interconexi\u00f3n Centros VPN"},"content":{"rendered":"<p style=\"text-align: center;\">La demanda de interconexi\u00f3n de centros cada vez es mas solicitada por las empresas. El por qu\u00e9 es f\u00e1cil de entender, la unificaci\u00f3n de servicios y por lo tanto, ahorro econ\u00f3mico al necesitar menos equipos de gesti\u00f3n y control. La herramienta que hace posible esa interconexi\u00f3n a bajo coste es la creaci\u00f3n de la VPNs. A trav\u00e9s de una simple conexi\u00f3n a internet podemos utilizarla.<\/p>\n","protected":false},"excerpt":{"rendered":"<p>La demanda de interconexi\u00f3n de centros cada vez es mas solicitada por las empresas. El por qu\u00e9 es f\u00e1cil de entender, la unificaci\u00f3n de servicios y por lo tanto, ahorro econ\u00f3mico al necesitar menos equipos de gesti\u00f3n y control. La herramienta que hace posible esa interconexi\u00f3n a bajo coste es la creaci\u00f3n de la VPNs&#8230;. <a class=\"view-article\" href=\"https:\/\/wimaxrng.es\/old\/conectividad\/interconexion-centros-vpn\/\">View Article<\/a><\/p>\n","protected":false},"author":1,"featured_media":1224,"parent":755,"menu_order":0,"comment_status":"closed","ping_status":"closed","template":"template-flexible.php","meta":[],"acf":[],"yoast_head":"<!-- This site is optimized with the Yoast SEO plugin v20.0 - https:\/\/yoast.com\/wordpress\/plugins\/seo\/ -->\n<title>Interconexi\u00f3n Centros VPN - Wimaxrng<\/title>\n<meta name=\"description\" content=\"La demanda de interconexi\u00f3n de centros cada vez es mas solicitada por las empresas. El por qu\u00e9 es f\u00e1cil de entender, la unificaci\u00f3n de servicios y por lo tanto, ahorro econ\u00f3mico al necesitar menos equipos de gesti\u00f3n y control.\" \/>\n<meta name=\"robots\" content=\"index, follow, max-snippet:-1, max-image-preview:large, max-video-preview:-1\" \/>\n<link rel=\"canonical\" href=\"https:\/\/wimaxrng.es\/old\/conectividad\/interconexion-centros-vpn\/\" \/>\n<meta property=\"og:locale\" content=\"es_ES\" \/>\n<meta property=\"og:type\" content=\"article\" \/>\n<meta property=\"og:title\" content=\"Interconexi\u00f3n Centros VPN - Wimaxrng\" \/>\n<meta property=\"og:description\" content=\"La demanda de interconexi\u00f3n de centros cada vez es mas solicitada por las empresas. El por qu\u00e9 es f\u00e1cil de entender, la unificaci\u00f3n de servicios y por lo tanto, ahorro econ\u00f3mico al necesitar menos equipos de gesti\u00f3n y control.\" \/>\n<meta property=\"og:url\" content=\"https:\/\/wimaxrng.es\/old\/conectividad\/interconexion-centros-vpn\/\" \/>\n<meta property=\"og:site_name\" content=\"Wimax rng\" \/>\n<meta property=\"article:modified_time\" content=\"2022-01-19T19:36:17+00:00\" \/>\n<meta property=\"og:image\" content=\"https:\/\/wimaxrng.es\/old\/wp-content\/uploads\/2017\/11\/interconexion-2.jpg\" \/>\n\t<meta property=\"og:image:width\" content=\"600\" \/>\n\t<meta property=\"og:image:height\" content=\"389\" \/>\n\t<meta property=\"og:image:type\" content=\"image\/jpeg\" \/>\n<meta name=\"twitter:card\" content=\"summary_large_image\" \/>\n<meta name=\"twitter:label1\" content=\"Tiempo de lectura\" \/>\n\t<meta name=\"twitter:data1\" content=\"1 minuto\" \/>\n<script type=\"application\/ld+json\" class=\"yoast-schema-graph\">{\"@context\":\"https:\/\/schema.org\",\"@graph\":[{\"@type\":\"WebPage\",\"@id\":\"https:\/\/wimaxrng.es\/old\/conectividad\/interconexion-centros-vpn\/\",\"url\":\"https:\/\/wimaxrng.es\/old\/conectividad\/interconexion-centros-vpn\/\",\"name\":\"Interconexi\u00f3n Centros VPN - Wimaxrng\",\"isPartOf\":{\"@id\":\"https:\/\/wimaxrng.es\/old\/#website\"},\"datePublished\":\"2017-11-01T13:49:59+00:00\",\"dateModified\":\"2022-01-19T19:36:17+00:00\",\"description\":\"La demanda de interconexi\u00f3n de centros cada vez es mas solicitada por las empresas. El por qu\u00e9 es f\u00e1cil de entender, la unificaci\u00f3n de servicios y por lo tanto, ahorro econ\u00f3mico al necesitar menos equipos de gesti\u00f3n y control.\",\"breadcrumb\":{\"@id\":\"https:\/\/wimaxrng.es\/old\/conectividad\/interconexion-centros-vpn\/#breadcrumb\"},\"inLanguage\":\"es\",\"potentialAction\":[{\"@type\":\"ReadAction\",\"target\":[\"https:\/\/wimaxrng.es\/old\/conectividad\/interconexion-centros-vpn\/\"]}]},{\"@type\":\"BreadcrumbList\",\"@id\":\"https:\/\/wimaxrng.es\/old\/conectividad\/interconexion-centros-vpn\/#breadcrumb\",\"itemListElement\":[{\"@type\":\"ListItem\",\"position\":1,\"name\":\"Portada\",\"item\":\"https:\/\/wimaxrng.es\/old\/\"},{\"@type\":\"ListItem\",\"position\":2,\"name\":\"Conectividad\",\"item\":\"https:\/\/wimaxrng.es\/old\/conectividad\/\"},{\"@type\":\"ListItem\",\"position\":3,\"name\":\"Interconexi\u00f3n Centros VPN\"}]},{\"@type\":\"WebSite\",\"@id\":\"https:\/\/wimaxrng.es\/old\/#website\",\"url\":\"https:\/\/wimaxrng.es\/old\/\",\"name\":\"Wimax rng\",\"description\":\"Somos una empresa de esp\u00edritu innovador con una amplia experiencia en el sector de las telecomunicaciones que contamos con un capital humano cercano y de s\u00f3lida formaci\u00f3n para hacer realidad tus proyectos.\",\"potentialAction\":[{\"@type\":\"SearchAction\",\"target\":{\"@type\":\"EntryPoint\",\"urlTemplate\":\"https:\/\/wimaxrng.es\/old\/?s={search_term_string}\"},\"query-input\":\"required name=search_term_string\"}],\"inLanguage\":\"es\"}]}<\/script>\n<!-- \/ Yoast SEO plugin. -->","yoast_head_json":{"title":"Interconexi\u00f3n Centros VPN - Wimaxrng","description":"La demanda de interconexi\u00f3n de centros cada vez es mas solicitada por las empresas. El por qu\u00e9 es f\u00e1cil de entender, la unificaci\u00f3n de servicios y por lo tanto, ahorro econ\u00f3mico al necesitar menos equipos de gesti\u00f3n y control.","robots":{"index":"index","follow":"follow","max-snippet":"max-snippet:-1","max-image-preview":"max-image-preview:large","max-video-preview":"max-video-preview:-1"},"canonical":"https:\/\/wimaxrng.es\/old\/conectividad\/interconexion-centros-vpn\/","og_locale":"es_ES","og_type":"article","og_title":"Interconexi\u00f3n Centros VPN - Wimaxrng","og_description":"La demanda de interconexi\u00f3n de centros cada vez es mas solicitada por las empresas. El por qu\u00e9 es f\u00e1cil de entender, la unificaci\u00f3n de servicios y por lo tanto, ahorro econ\u00f3mico al necesitar menos equipos de gesti\u00f3n y control.","og_url":"https:\/\/wimaxrng.es\/old\/conectividad\/interconexion-centros-vpn\/","og_site_name":"Wimax rng","article_modified_time":"2022-01-19T19:36:17+00:00","og_image":[{"width":600,"height":389,"url":"https:\/\/wimaxrng.es\/old\/wp-content\/uploads\/2017\/11\/interconexion-2.jpg","type":"image\/jpeg"}],"twitter_card":"summary_large_image","twitter_misc":{"Tiempo de lectura":"1 minuto"},"schema":{"@context":"https:\/\/schema.org","@graph":[{"@type":"WebPage","@id":"https:\/\/wimaxrng.es\/old\/conectividad\/interconexion-centros-vpn\/","url":"https:\/\/wimaxrng.es\/old\/conectividad\/interconexion-centros-vpn\/","name":"Interconexi\u00f3n Centros VPN - Wimaxrng","isPartOf":{"@id":"https:\/\/wimaxrng.es\/old\/#website"},"datePublished":"2017-11-01T13:49:59+00:00","dateModified":"2022-01-19T19:36:17+00:00","description":"La demanda de interconexi\u00f3n de centros cada vez es mas solicitada por las empresas. El por qu\u00e9 es f\u00e1cil de entender, la unificaci\u00f3n de servicios y por lo tanto, ahorro econ\u00f3mico al necesitar menos equipos de gesti\u00f3n y control.","breadcrumb":{"@id":"https:\/\/wimaxrng.es\/old\/conectividad\/interconexion-centros-vpn\/#breadcrumb"},"inLanguage":"es","potentialAction":[{"@type":"ReadAction","target":["https:\/\/wimaxrng.es\/old\/conectividad\/interconexion-centros-vpn\/"]}]},{"@type":"BreadcrumbList","@id":"https:\/\/wimaxrng.es\/old\/conectividad\/interconexion-centros-vpn\/#breadcrumb","itemListElement":[{"@type":"ListItem","position":1,"name":"Portada","item":"https:\/\/wimaxrng.es\/old\/"},{"@type":"ListItem","position":2,"name":"Conectividad","item":"https:\/\/wimaxrng.es\/old\/conectividad\/"},{"@type":"ListItem","position":3,"name":"Interconexi\u00f3n Centros VPN"}]},{"@type":"WebSite","@id":"https:\/\/wimaxrng.es\/old\/#website","url":"https:\/\/wimaxrng.es\/old\/","name":"Wimax rng","description":"Somos una empresa de esp\u00edritu innovador con una amplia experiencia en el sector de las telecomunicaciones que contamos con un capital humano cercano y de s\u00f3lida formaci\u00f3n para hacer realidad tus proyectos.","potentialAction":[{"@type":"SearchAction","target":{"@type":"EntryPoint","urlTemplate":"https:\/\/wimaxrng.es\/old\/?s={search_term_string}"},"query-input":"required name=search_term_string"}],"inLanguage":"es"}]}},"_links":{"self":[{"href":"https:\/\/wimaxrng.es\/old\/wp-json\/wp\/v2\/pages\/1218"}],"collection":[{"href":"https:\/\/wimaxrng.es\/old\/wp-json\/wp\/v2\/pages"}],"about":[{"href":"https:\/\/wimaxrng.es\/old\/wp-json\/wp\/v2\/types\/page"}],"author":[{"embeddable":true,"href":"https:\/\/wimaxrng.es\/old\/wp-json\/wp\/v2\/users\/1"}],"replies":[{"embeddable":true,"href":"https:\/\/wimaxrng.es\/old\/wp-json\/wp\/v2\/comments?post=1218"}],"version-history":[{"count":8,"href":"https:\/\/wimaxrng.es\/old\/wp-json\/wp\/v2\/pages\/1218\/revisions"}],"predecessor-version":[{"id":1528,"href":"https:\/\/wimaxrng.es\/old\/wp-json\/wp\/v2\/pages\/1218\/revisions\/1528"}],"up":[{"embeddable":true,"href":"https:\/\/wimaxrng.es\/old\/wp-json\/wp\/v2\/pages\/755"}],"wp:featuredmedia":[{"embeddable":true,"href":"https:\/\/wimaxrng.es\/old\/wp-json\/wp\/v2\/media\/1224"}],"wp:attachment":[{"href":"https:\/\/wimaxrng.es\/old\/wp-json\/wp\/v2\/media?parent=1218"}],"curies":[{"name":"wp","href":"https:\/\/api.w.org\/{rel}","templated":true}]}}