{"id":1015,"date":"2022-01-13T13:20:00","date_gmt":"2022-01-13T12:20:00","guid":{"rendered":"https:\/\/wimaxrng.es\/old\/?page_id=1015"},"modified":"2022-01-20T14:26:53","modified_gmt":"2022-01-20T13:26:53","slug":"redes-comunicaciones-multiservicio-cableado-estructurado-fibra-optica","status":"publish","type":"page","link":"https:\/\/wimaxrng.es\/old\/soluciones\/redes-comunicaciones-multiservicio-cableado-estructurado-fibra-optica\/","title":{"rendered":"Redes de comunicaciones multiservicio: cableado estructurado y fibra \u00f3ptica"},"content":{"rendered":"<p style=\"text-align: center;\">Wimax RNG pone a su disposici\u00f3n soluciones y productos para el <strong>cableado de su oficina u edificio<\/strong>, con el fin de ofrecerle una <strong>conectividad de todos sus equipos tecnol\u00f3gicos<\/strong>, permitiendo la integraci\u00f3n de servicios que disponga: telefon\u00eda, datos, televisi\u00f3n, seguridad, control accesos, dom\u00f3tica, etc, es decir,&nbsp; todo lo referente al cableado de voz y datos para la redes de comunicaciones.<\/p>\n<p>&nbsp;<\/p>\n<p style=\"text-align: center;\">Con nuestras soluciones de conectividad proporcionamos <strong>infraestructura inal\u00e1mbrica, cobre y\/o fibra \u00f3ptica<\/strong>, que habilitan una gran capacidad y cantidad de servicios de comunicaciones.<\/p>\n","protected":false},"excerpt":{"rendered":"<p>Wimax RNG pone a su disposici\u00f3n soluciones y productos para el cableado de su oficina u edificio, con el fin de ofrecerle una conectividad de todos sus equipos tecnol\u00f3gicos, permitiendo la integraci\u00f3n de servicios que disponga: telefon\u00eda, datos, televisi\u00f3n, seguridad, control accesos, dom\u00f3tica, etc, es decir,&nbsp; todo lo referente al cableado de voz y datos&#8230; <a class=\"view-article\" href=\"https:\/\/wimaxrng.es\/old\/soluciones\/redes-comunicaciones-multiservicio-cableado-estructurado-fibra-optica\/\">View Article<\/a><\/p>\n","protected":false},"author":1,"featured_media":1208,"parent":742,"menu_order":1,"comment_status":"closed","ping_status":"closed","template":"template-flexible.php","meta":[],"acf":[],"yoast_head":"<!-- This site is optimized with the Yoast SEO plugin v20.0 - https:\/\/yoast.com\/wordpress\/plugins\/seo\/ -->\n<title>Redes de comunicaciones multiservicio<\/title>\n<meta name=\"description\" content=\"Wimax RNG pone a su disposici\u00f3n soluciones y productos para el cableado de su oficina u edificio.\" \/>\n<meta name=\"robots\" content=\"index, follow, max-snippet:-1, max-image-preview:large, max-video-preview:-1\" \/>\n<link rel=\"canonical\" href=\"https:\/\/wimaxrng.es\/old\/soluciones\/redes-comunicaciones-multiservicio-cableado-estructurado-fibra-optica\/\" \/>\n<meta property=\"og:locale\" content=\"es_ES\" \/>\n<meta property=\"og:type\" content=\"article\" \/>\n<meta property=\"og:title\" content=\"Redes de comunicaciones multiservicio\" \/>\n<meta property=\"og:description\" content=\"Wimax RNG pone a su disposici\u00f3n soluciones y productos para el cableado de su oficina u edificio.\" \/>\n<meta property=\"og:url\" content=\"https:\/\/wimaxrng.es\/old\/soluciones\/redes-comunicaciones-multiservicio-cableado-estructurado-fibra-optica\/\" \/>\n<meta property=\"og:site_name\" content=\"Wimax rng\" \/>\n<meta property=\"article:modified_time\" content=\"2022-01-20T13:26:53+00:00\" \/>\n<meta property=\"og:image\" content=\"https:\/\/wimaxrng.es\/old\/wp-content\/uploads\/2017\/11\/multiservicio.jpg\" \/>\n\t<meta property=\"og:image:width\" content=\"600\" \/>\n\t<meta property=\"og:image:height\" content=\"338\" \/>\n\t<meta property=\"og:image:type\" content=\"image\/jpeg\" \/>\n<meta name=\"twitter:card\" content=\"summary_large_image\" \/>\n<meta name=\"twitter:label1\" content=\"Tiempo de lectura\" \/>\n\t<meta name=\"twitter:data1\" content=\"1 minuto\" \/>\n<script type=\"application\/ld+json\" class=\"yoast-schema-graph\">{\"@context\":\"https:\/\/schema.org\",\"@graph\":[{\"@type\":\"WebPage\",\"@id\":\"https:\/\/wimaxrng.es\/old\/soluciones\/redes-comunicaciones-multiservicio-cableado-estructurado-fibra-optica\/\",\"url\":\"https:\/\/wimaxrng.es\/old\/soluciones\/redes-comunicaciones-multiservicio-cableado-estructurado-fibra-optica\/\",\"name\":\"Redes de comunicaciones multiservicio\",\"isPartOf\":{\"@id\":\"https:\/\/wimaxrng.es\/old\/#website\"},\"datePublished\":\"2022-01-13T12:20:00+00:00\",\"dateModified\":\"2022-01-20T13:26:53+00:00\",\"description\":\"Wimax RNG pone a su disposici\u00f3n soluciones y productos para el cableado de su oficina u edificio.\",\"breadcrumb\":{\"@id\":\"https:\/\/wimaxrng.es\/old\/soluciones\/redes-comunicaciones-multiservicio-cableado-estructurado-fibra-optica\/#breadcrumb\"},\"inLanguage\":\"es\",\"potentialAction\":[{\"@type\":\"ReadAction\",\"target\":[\"https:\/\/wimaxrng.es\/old\/soluciones\/redes-comunicaciones-multiservicio-cableado-estructurado-fibra-optica\/\"]}]},{\"@type\":\"BreadcrumbList\",\"@id\":\"https:\/\/wimaxrng.es\/old\/soluciones\/redes-comunicaciones-multiservicio-cableado-estructurado-fibra-optica\/#breadcrumb\",\"itemListElement\":[{\"@type\":\"ListItem\",\"position\":1,\"name\":\"Portada\",\"item\":\"https:\/\/wimaxrng.es\/old\/\"},{\"@type\":\"ListItem\",\"position\":2,\"name\":\"Soluciones\",\"item\":\"https:\/\/wimaxrng.es\/old\/soluciones\/\"},{\"@type\":\"ListItem\",\"position\":3,\"name\":\"Redes de comunicaciones multiservicio: cableado estructurado y fibra \u00f3ptica\"}]},{\"@type\":\"WebSite\",\"@id\":\"https:\/\/wimaxrng.es\/old\/#website\",\"url\":\"https:\/\/wimaxrng.es\/old\/\",\"name\":\"Wimax rng\",\"description\":\"Somos una empresa de esp\u00edritu innovador con una amplia experiencia en el sector de las telecomunicaciones que contamos con un capital humano cercano y de s\u00f3lida formaci\u00f3n para hacer realidad tus proyectos.\",\"potentialAction\":[{\"@type\":\"SearchAction\",\"target\":{\"@type\":\"EntryPoint\",\"urlTemplate\":\"https:\/\/wimaxrng.es\/old\/?s={search_term_string}\"},\"query-input\":\"required name=search_term_string\"}],\"inLanguage\":\"es\"}]}<\/script>\n<!-- \/ Yoast SEO plugin. -->","yoast_head_json":{"title":"Redes de comunicaciones multiservicio","description":"Wimax RNG pone a su disposici\u00f3n soluciones y productos para el cableado de su oficina u edificio.","robots":{"index":"index","follow":"follow","max-snippet":"max-snippet:-1","max-image-preview":"max-image-preview:large","max-video-preview":"max-video-preview:-1"},"canonical":"https:\/\/wimaxrng.es\/old\/soluciones\/redes-comunicaciones-multiservicio-cableado-estructurado-fibra-optica\/","og_locale":"es_ES","og_type":"article","og_title":"Redes de comunicaciones multiservicio","og_description":"Wimax RNG pone a su disposici\u00f3n soluciones y productos para el cableado de su oficina u edificio.","og_url":"https:\/\/wimaxrng.es\/old\/soluciones\/redes-comunicaciones-multiservicio-cableado-estructurado-fibra-optica\/","og_site_name":"Wimax rng","article_modified_time":"2022-01-20T13:26:53+00:00","og_image":[{"width":600,"height":338,"url":"https:\/\/wimaxrng.es\/old\/wp-content\/uploads\/2017\/11\/multiservicio.jpg","type":"image\/jpeg"}],"twitter_card":"summary_large_image","twitter_misc":{"Tiempo de lectura":"1 minuto"},"schema":{"@context":"https:\/\/schema.org","@graph":[{"@type":"WebPage","@id":"https:\/\/wimaxrng.es\/old\/soluciones\/redes-comunicaciones-multiservicio-cableado-estructurado-fibra-optica\/","url":"https:\/\/wimaxrng.es\/old\/soluciones\/redes-comunicaciones-multiservicio-cableado-estructurado-fibra-optica\/","name":"Redes de comunicaciones multiservicio","isPartOf":{"@id":"https:\/\/wimaxrng.es\/old\/#website"},"datePublished":"2022-01-13T12:20:00+00:00","dateModified":"2022-01-20T13:26:53+00:00","description":"Wimax RNG pone a su disposici\u00f3n soluciones y productos para el cableado de su oficina u edificio.","breadcrumb":{"@id":"https:\/\/wimaxrng.es\/old\/soluciones\/redes-comunicaciones-multiservicio-cableado-estructurado-fibra-optica\/#breadcrumb"},"inLanguage":"es","potentialAction":[{"@type":"ReadAction","target":["https:\/\/wimaxrng.es\/old\/soluciones\/redes-comunicaciones-multiservicio-cableado-estructurado-fibra-optica\/"]}]},{"@type":"BreadcrumbList","@id":"https:\/\/wimaxrng.es\/old\/soluciones\/redes-comunicaciones-multiservicio-cableado-estructurado-fibra-optica\/#breadcrumb","itemListElement":[{"@type":"ListItem","position":1,"name":"Portada","item":"https:\/\/wimaxrng.es\/old\/"},{"@type":"ListItem","position":2,"name":"Soluciones","item":"https:\/\/wimaxrng.es\/old\/soluciones\/"},{"@type":"ListItem","position":3,"name":"Redes de comunicaciones multiservicio: cableado estructurado y fibra \u00f3ptica"}]},{"@type":"WebSite","@id":"https:\/\/wimaxrng.es\/old\/#website","url":"https:\/\/wimaxrng.es\/old\/","name":"Wimax rng","description":"Somos una empresa de esp\u00edritu innovador con una amplia experiencia en el sector de las telecomunicaciones que contamos con un capital humano cercano y de s\u00f3lida formaci\u00f3n para hacer realidad tus proyectos.","potentialAction":[{"@type":"SearchAction","target":{"@type":"EntryPoint","urlTemplate":"https:\/\/wimaxrng.es\/old\/?s={search_term_string}"},"query-input":"required name=search_term_string"}],"inLanguage":"es"}]}},"_links":{"self":[{"href":"https:\/\/wimaxrng.es\/old\/wp-json\/wp\/v2\/pages\/1015"}],"collection":[{"href":"https:\/\/wimaxrng.es\/old\/wp-json\/wp\/v2\/pages"}],"about":[{"href":"https:\/\/wimaxrng.es\/old\/wp-json\/wp\/v2\/types\/page"}],"author":[{"embeddable":true,"href":"https:\/\/wimaxrng.es\/old\/wp-json\/wp\/v2\/users\/1"}],"replies":[{"embeddable":true,"href":"https:\/\/wimaxrng.es\/old\/wp-json\/wp\/v2\/comments?post=1015"}],"version-history":[{"count":11,"href":"https:\/\/wimaxrng.es\/old\/wp-json\/wp\/v2\/pages\/1015\/revisions"}],"predecessor-version":[{"id":1510,"href":"https:\/\/wimaxrng.es\/old\/wp-json\/wp\/v2\/pages\/1015\/revisions\/1510"}],"up":[{"embeddable":true,"href":"https:\/\/wimaxrng.es\/old\/wp-json\/wp\/v2\/pages\/742"}],"wp:featuredmedia":[{"embeddable":true,"href":"https:\/\/wimaxrng.es\/old\/wp-json\/wp\/v2\/media\/1208"}],"wp:attachment":[{"href":"https:\/\/wimaxrng.es\/old\/wp-json\/wp\/v2\/media?parent=1015"}],"curies":[{"name":"wp","href":"https:\/\/api.w.org\/{rel}","templated":true}]}}